{"id":419,"date":"2025-05-19T11:24:43","date_gmt":"2025-05-19T09:24:43","guid":{"rendered":"https:\/\/walmartrans.pl\/privacy-policy\/"},"modified":"2025-05-30T11:33:39","modified_gmt":"2025-05-30T09:33:39","slug":"privacy-policy","status":"publish","type":"page","link":"https:\/\/walmartrans.pl\/en\/privacy-policy\/","title":{"rendered":"Privacy policy"},"content":{"rendered":"\n<p>1. The Administrator of the Personal Data is WALMAR Marek Wdowinski, Slawomir Wdowinski Sp\u00f3\u0142ka Jawna located in Przasnysz, \u017bwirki i Wigury 25 Street<br\/>06-300 Przasnysz, Poland. <\/p>\n\n<p>2. Personal data will be processed by ADO in order to undertake contact, presentation and transfer of the offer by e-mail or telephone<\/p>\n\n<p>3. The basis for the processing of your personal data is Article 6 paragraph 1 letter a) of Regulation (EU) 2016\/679 of the European Parliament and of the Council of 27 April 2016 on the protection of natural persons with regard to the processing of personal data and on the free movement of such data. <\/p>\n\n<p>4. Personal Data will be stored by the PDA for a period of 12 months or for a period specified by law that obliges the PDA to store personal data for a longer period.<\/p>\n\n<p>5. We inform you that you have the right to withdraw this consent at any time, the right to access the content of my personal data, to correct them, to request temporary or permanent suspension of their processing, correction, deletion or limitation of processing, the right to object to the processing, the right to transfer data, the right to withdraw consent at any time and to lodge a complaint with the supervisory authority, i.e. the President of the Office for Personal Data Protection.<\/p>\n\n<p>6. Your personal data will not be transferred to third parties.<\/p>\n\n<p>7. Your data will not be used for profiling,<\/p>\n\n<p>8. Providing personal data is voluntary, but necessary to achieve the purposes specified in the contact form. We kindly ask you to express your consent to the processing of personal data. Their absence may result in the inability to take action related to handling the form.  <\/p>\n","protected":false},"excerpt":{"rendered":"<p>1. The Administrator of the Personal Data is WALMAR Marek Wdowinski, Slawomir Wdowinski Sp\u00f3\u0142ka Jawna located in Przasnysz, \u017bwirki i Wigury 25 Street06-300 Przasnysz, Poland. 2. Personal data will be processed by ADO in order to undertake contact, presentation and transfer of the offer by e-mail or telephone 3. The basis for the processing of [&hellip;]<\/p>\n","protected":false},"author":1,"featured_media":0,"parent":0,"menu_order":0,"comment_status":"closed","ping_status":"closed","template":"","meta":{"_acf_changed":false,"footnotes":""},"class_list":["post-419","page","type-page","status-publish","hentry"],"acf":[],"yoast_head":"<title>Privacy policy - Walmar<\/title>\n<meta name=\"robots\" content=\"index, follow, max-snippet:-1, max-image-preview:large, max-video-preview:-1\" \/>\n<link rel=\"canonical\" href=\"https:\/\/walmartrans.pl\/en\/privacy-policy\/\" \/>\n<meta property=\"og:locale\" content=\"en_US\" \/>\n<meta property=\"og:type\" content=\"article\" \/>\n<meta property=\"og:title\" content=\"Privacy policy - Walmar\" \/>\n<meta property=\"og:description\" content=\"1. The Administrator of the Personal Data is WALMAR Marek Wdowinski, Slawomir Wdowinski Sp\u00f3\u0142ka Jawna located in Przasnysz, \u017bwirki i Wigury 25 Street06-300 Przasnysz, Poland. 2. Personal data will be processed by ADO in order to undertake contact, presentation and transfer of the offer by e-mail or telephone 3. The basis for the processing of [&hellip;]\" \/>\n<meta property=\"og:url\" content=\"https:\/\/walmartrans.pl\/en\/privacy-policy\/\" \/>\n<meta property=\"og:site_name\" content=\"Walmar\" \/>\n<meta property=\"article:modified_time\" content=\"2025-05-30T09:33:39+00:00\" \/>\n<meta property=\"og:image\" content=\"https:\/\/walmartrans.pl\/wp-content\/uploads\/2025\/05\/walmar_opengraph.png\" \/>\n\t<meta property=\"og:image:width\" content=\"1200\" \/>\n\t<meta property=\"og:image:height\" content=\"630\" \/>\n\t<meta property=\"og:image:type\" content=\"image\/png\" \/>\n<meta name=\"twitter:card\" content=\"summary_large_image\" \/>\n<meta name=\"twitter:label1\" content=\"Est. reading time\" \/>\n\t<meta name=\"twitter:data1\" content=\"1 minute\" \/>\n<script type=\"application\/ld+json\" class=\"yoast-schema-graph\">{\"@context\":\"https:\/\/schema.org\",\"@graph\":[{\"@type\":\"WebPage\",\"@id\":\"https:\/\/walmartrans.pl\/en\/privacy-policy\/\",\"url\":\"https:\/\/walmartrans.pl\/en\/privacy-policy\/\",\"name\":\"Privacy policy - Walmar\",\"isPartOf\":{\"@id\":\"https:\/\/walmartrans.pl\/#website\"},\"datePublished\":\"2025-05-19T09:24:43+00:00\",\"dateModified\":\"2025-05-30T09:33:39+00:00\",\"breadcrumb\":{\"@id\":\"https:\/\/walmartrans.pl\/en\/privacy-policy\/#breadcrumb\"},\"inLanguage\":\"en-US\",\"potentialAction\":[{\"@type\":\"ReadAction\",\"target\":[\"https:\/\/walmartrans.pl\/en\/privacy-policy\/\"]}]},{\"@type\":\"BreadcrumbList\",\"@id\":\"https:\/\/walmartrans.pl\/en\/privacy-policy\/#breadcrumb\",\"itemListElement\":[{\"@type\":\"ListItem\",\"position\":1,\"name\":\"Home\",\"item\":\"https:\/\/walmartrans.pl\/en\/\"},{\"@type\":\"ListItem\",\"position\":2,\"name\":\"Privacy policy\"}]},{\"@type\":\"WebSite\",\"@id\":\"https:\/\/walmartrans.pl\/#website\",\"url\":\"https:\/\/walmartrans.pl\/\",\"name\":\"Walmar\",\"description\":\"\",\"publisher\":{\"@id\":\"https:\/\/walmartrans.pl\/#organization\"},\"potentialAction\":[{\"@type\":\"SearchAction\",\"target\":{\"@type\":\"EntryPoint\",\"urlTemplate\":\"https:\/\/walmartrans.pl\/?s={search_term_string}\"},\"query-input\":{\"@type\":\"PropertyValueSpecification\",\"valueRequired\":true,\"valueName\":\"search_term_string\"}}],\"inLanguage\":\"en-US\"},{\"@type\":\"Organization\",\"@id\":\"https:\/\/walmartrans.pl\/#organization\",\"name\":\"Walmar\",\"url\":\"https:\/\/walmartrans.pl\/\",\"logo\":{\"@type\":\"ImageObject\",\"inLanguage\":\"en-US\",\"@id\":\"https:\/\/walmartrans.pl\/#\/schema\/logo\/image\/\",\"url\":\"https:\/\/walmartrans.pl\/wp-content\/uploads\/2025\/05\/logo.svg\",\"contentUrl\":\"https:\/\/walmartrans.pl\/wp-content\/uploads\/2025\/05\/logo.svg\",\"caption\":\"Walmar\"},\"image\":{\"@id\":\"https:\/\/walmartrans.pl\/#\/schema\/logo\/image\/\"}}]}<\/script>","yoast_head_json":{"title":"Privacy policy - Walmar","robots":{"index":"index","follow":"follow","max-snippet":"max-snippet:-1","max-image-preview":"max-image-preview:large","max-video-preview":"max-video-preview:-1"},"canonical":"https:\/\/walmartrans.pl\/en\/privacy-policy\/","og_locale":"en_US","og_type":"article","og_title":"Privacy policy - Walmar","og_description":"1. The Administrator of the Personal Data is WALMAR Marek Wdowinski, Slawomir Wdowinski Sp\u00f3\u0142ka Jawna located in Przasnysz, \u017bwirki i Wigury 25 Street06-300 Przasnysz, Poland. 2. Personal data will be processed by ADO in order to undertake contact, presentation and transfer of the offer by e-mail or telephone 3. The basis for the processing of [&hellip;]","og_url":"https:\/\/walmartrans.pl\/en\/privacy-policy\/","og_site_name":"Walmar","article_modified_time":"2025-05-30T09:33:39+00:00","og_image":[{"width":1200,"height":630,"url":"https:\/\/walmartrans.pl\/wp-content\/uploads\/2025\/05\/walmar_opengraph.png","type":"image\/png"}],"twitter_card":"summary_large_image","twitter_misc":{"Est. reading time":"1 minute"},"schema":{"@context":"https:\/\/schema.org","@graph":[{"@type":"WebPage","@id":"https:\/\/walmartrans.pl\/en\/privacy-policy\/","url":"https:\/\/walmartrans.pl\/en\/privacy-policy\/","name":"Privacy policy - Walmar","isPartOf":{"@id":"https:\/\/walmartrans.pl\/#website"},"datePublished":"2025-05-19T09:24:43+00:00","dateModified":"2025-05-30T09:33:39+00:00","breadcrumb":{"@id":"https:\/\/walmartrans.pl\/en\/privacy-policy\/#breadcrumb"},"inLanguage":"en-US","potentialAction":[{"@type":"ReadAction","target":["https:\/\/walmartrans.pl\/en\/privacy-policy\/"]}]},{"@type":"BreadcrumbList","@id":"https:\/\/walmartrans.pl\/en\/privacy-policy\/#breadcrumb","itemListElement":[{"@type":"ListItem","position":1,"name":"Home","item":"https:\/\/walmartrans.pl\/en\/"},{"@type":"ListItem","position":2,"name":"Privacy policy"}]},{"@type":"WebSite","@id":"https:\/\/walmartrans.pl\/#website","url":"https:\/\/walmartrans.pl\/","name":"Walmar","description":"","publisher":{"@id":"https:\/\/walmartrans.pl\/#organization"},"potentialAction":[{"@type":"SearchAction","target":{"@type":"EntryPoint","urlTemplate":"https:\/\/walmartrans.pl\/?s={search_term_string}"},"query-input":{"@type":"PropertyValueSpecification","valueRequired":true,"valueName":"search_term_string"}}],"inLanguage":"en-US"},{"@type":"Organization","@id":"https:\/\/walmartrans.pl\/#organization","name":"Walmar","url":"https:\/\/walmartrans.pl\/","logo":{"@type":"ImageObject","inLanguage":"en-US","@id":"https:\/\/walmartrans.pl\/#\/schema\/logo\/image\/","url":"https:\/\/walmartrans.pl\/wp-content\/uploads\/2025\/05\/logo.svg","contentUrl":"https:\/\/walmartrans.pl\/wp-content\/uploads\/2025\/05\/logo.svg","caption":"Walmar"},"image":{"@id":"https:\/\/walmartrans.pl\/#\/schema\/logo\/image\/"}}]}},"_links":{"self":[{"href":"https:\/\/walmartrans.pl\/en\/wp-json\/wp\/v2\/pages\/419","targetHints":{"allow":["GET"]}}],"collection":[{"href":"https:\/\/walmartrans.pl\/en\/wp-json\/wp\/v2\/pages"}],"about":[{"href":"https:\/\/walmartrans.pl\/en\/wp-json\/wp\/v2\/types\/page"}],"author":[{"embeddable":true,"href":"https:\/\/walmartrans.pl\/en\/wp-json\/wp\/v2\/users\/1"}],"replies":[{"embeddable":true,"href":"https:\/\/walmartrans.pl\/en\/wp-json\/wp\/v2\/comments?post=419"}],"version-history":[{"count":2,"href":"https:\/\/walmartrans.pl\/en\/wp-json\/wp\/v2\/pages\/419\/revisions"}],"predecessor-version":[{"id":557,"href":"https:\/\/walmartrans.pl\/en\/wp-json\/wp\/v2\/pages\/419\/revisions\/557"}],"wp:attachment":[{"href":"https:\/\/walmartrans.pl\/en\/wp-json\/wp\/v2\/media?parent=419"}],"curies":[{"name":"wp","href":"https:\/\/api.w.org\/{rel}","templated":true}]}}