{"id":421,"date":"2025-05-19T11:24:43","date_gmt":"2025-05-19T09:24:43","guid":{"rendered":"https:\/\/walmartrans.pl\/datenschutzrichtlinie\/"},"modified":"2025-05-30T11:35:21","modified_gmt":"2025-05-30T09:35:21","slug":"datenschutzrichtlinie","status":"publish","type":"page","link":"https:\/\/walmartrans.pl\/de\/datenschutzrichtlinie\/","title":{"rendered":"Datenschutzrichtlinie"},"content":{"rendered":"\n<p>1. Der Verantwortliche f\u00fcr personenbezogene Daten ist WALMAR Marek Wdowi\u0144ski, S\u0142awomir Wdowi\u0144ski Sp\u00f3\u0142ka Jawna mit Sitz in Przasnysz, ul. \u017bwirki i Wigury 25<br\/>06-300 Przasnysz, Polen <\/p>\n\n<p>2. Personenbezogene Daten werden vom Administrator personenbezogener Daten (ADO) zum Zwecke der Kontaktaufnahme, Pr\u00e4sentation und \u00dcbermittlung des Angebots auf elektronischem Wege oder telefonisch verarbeitet.<\/p>\n\n<p>3. Podstaw\u0105 przetwarzania Pa\u0144stwa danych osobowych jest art. 6 ust 1 lit. a) rozporz\u0105dzenia Parlamentu Europejskiego i Rady (UE) 2016\/679 z dnia 27 kwietnia 2016 roku \u2013 w sprawie ochrony os\u00f3b fizycznych w zwi\u0105zku z przetwarzaniem danych osobowych i w sprawie swobodnego przep\u0142ywu takich danych. <\/p>\n\n<p>4. Personenbezogene Daten werden von der ADO f\u00fcr einen Zeitraum von 12 Monaten oder f\u00fcr einen gesetzlich festgelegten Zeitraum gespeichert, der die ADO zu einer l\u00e4ngeren Speicherung personenbezogener Daten verpflichtet.<\/p>\n\n<p>5. Wir informieren Sie dar\u00fcber, dass Sie das Recht haben, diese Einwilligung jederzeit zu widerrufen, auf den Inhalt meiner personenbezogenen Daten zuzugreifen, diese zu korrigieren, eine vor\u00fcbergehende oder dauerhafte Aussetzung ihrer Verarbeitung, Korrektur, L\u00f6schung oder Einschr\u00e4nkung der Verarbeitung zu verlangen, der Verarbeitung zu widersprechen, das Recht auf Daten\u00fcbertragbarkeit zu haben, die Einwilligung jederzeit zu widerrufen und eine Beschwerde bei der Aufsichtsbeh\u00f6rde, d. h. dem Pr\u00e4sidenten des Amtes f\u00fcr den Schutz personenbezogener Daten, einzureichen.<\/p>\n\n<p>6. Ihre personenbezogenen Daten werden nicht an Dritte weitergegeben.<\/p>\n\n<p>7. Ihre Daten werden nicht zur Profilerstellung verwendet,<\/p>\n\n<p>8. Die Angabe personenbezogener Daten ist freiwillig, jedoch zur Erreichung der im Kontaktformular angegebenen Zwecke erforderlich. Wir bitten Sie, der Verarbeitung personenbezogener Daten zuzustimmen. Ihr Fehlen kann dazu f\u00fchren, dass wir die im Formular angegebenen Ma\u00dfnahmen nicht ergreifen k\u00f6nnen.  <\/p>\n","protected":false},"excerpt":{"rendered":"<p>1. Der Verantwortliche f\u00fcr personenbezogene Daten ist WALMAR Marek Wdowi\u0144ski, S\u0142awomir Wdowi\u0144ski Sp\u00f3\u0142ka Jawna mit Sitz in Przasnysz, ul. \u017bwirki i Wigury 2506-300 Przasnysz, Polen 2. Personenbezogene Daten werden vom Administrator personenbezogener Daten (ADO) zum Zwecke der Kontaktaufnahme, Pr\u00e4sentation und \u00dcbermittlung des Angebots auf elektronischem Wege oder telefonisch verarbeitet. 3. Podstaw\u0105 przetwarzania Pa\u0144stwa danych osobowych [&hellip;]<\/p>\n","protected":false},"author":1,"featured_media":0,"parent":0,"menu_order":0,"comment_status":"closed","ping_status":"closed","template":"","meta":{"_acf_changed":false,"footnotes":""},"class_list":["post-421","page","type-page","status-publish","hentry"],"acf":[],"yoast_head":"<title>Datenschutzrichtlinie - Walmar<\/title>\n<meta name=\"robots\" content=\"index, follow, max-snippet:-1, max-image-preview:large, max-video-preview:-1\" \/>\n<link rel=\"canonical\" href=\"https:\/\/walmartrans.pl\/de\/datenschutzrichtlinie\/\" \/>\n<meta property=\"og:locale\" content=\"de_DE\" \/>\n<meta property=\"og:type\" content=\"article\" \/>\n<meta property=\"og:title\" content=\"Datenschutzrichtlinie - Walmar\" \/>\n<meta property=\"og:description\" content=\"1. Der Verantwortliche f\u00fcr personenbezogene Daten ist WALMAR Marek Wdowi\u0144ski, S\u0142awomir Wdowi\u0144ski Sp\u00f3\u0142ka Jawna mit Sitz in Przasnysz, ul. \u017bwirki i Wigury 2506-300 Przasnysz, Polen 2. Personenbezogene Daten werden vom Administrator personenbezogener Daten (ADO) zum Zwecke der Kontaktaufnahme, Pr\u00e4sentation und \u00dcbermittlung des Angebots auf elektronischem Wege oder telefonisch verarbeitet. 3. Podstaw\u0105 przetwarzania Pa\u0144stwa danych osobowych [&hellip;]\" \/>\n<meta property=\"og:url\" content=\"https:\/\/walmartrans.pl\/de\/datenschutzrichtlinie\/\" \/>\n<meta property=\"og:site_name\" content=\"Walmar\" \/>\n<meta property=\"article:modified_time\" content=\"2025-05-30T09:35:21+00:00\" \/>\n<meta property=\"og:image\" content=\"https:\/\/walmartrans.pl\/wp-content\/uploads\/2025\/05\/walmar_opengraph.png\" \/>\n\t<meta property=\"og:image:width\" content=\"1200\" \/>\n\t<meta property=\"og:image:height\" content=\"630\" \/>\n\t<meta property=\"og:image:type\" content=\"image\/png\" \/>\n<meta name=\"twitter:card\" content=\"summary_large_image\" \/>\n<meta name=\"twitter:label1\" content=\"Gesch\u00e4tzte Lesezeit\" \/>\n\t<meta name=\"twitter:data1\" content=\"1\u00a0Minute\" \/>\n<script type=\"application\/ld+json\" class=\"yoast-schema-graph\">{\"@context\":\"https:\/\/schema.org\",\"@graph\":[{\"@type\":\"WebPage\",\"@id\":\"https:\/\/walmartrans.pl\/de\/datenschutzrichtlinie\/\",\"url\":\"https:\/\/walmartrans.pl\/de\/datenschutzrichtlinie\/\",\"name\":\"Datenschutzrichtlinie - Walmar\",\"isPartOf\":{\"@id\":\"https:\/\/walmartrans.pl\/#website\"},\"datePublished\":\"2025-05-19T09:24:43+00:00\",\"dateModified\":\"2025-05-30T09:35:21+00:00\",\"breadcrumb\":{\"@id\":\"https:\/\/walmartrans.pl\/de\/datenschutzrichtlinie\/#breadcrumb\"},\"inLanguage\":\"de\",\"potentialAction\":[{\"@type\":\"ReadAction\",\"target\":[\"https:\/\/walmartrans.pl\/de\/datenschutzrichtlinie\/\"]}]},{\"@type\":\"BreadcrumbList\",\"@id\":\"https:\/\/walmartrans.pl\/de\/datenschutzrichtlinie\/#breadcrumb\",\"itemListElement\":[{\"@type\":\"ListItem\",\"position\":1,\"name\":\"Home\",\"item\":\"https:\/\/walmartrans.pl\/de\/\"},{\"@type\":\"ListItem\",\"position\":2,\"name\":\"Datenschutzrichtlinie\"}]},{\"@type\":\"WebSite\",\"@id\":\"https:\/\/walmartrans.pl\/#website\",\"url\":\"https:\/\/walmartrans.pl\/\",\"name\":\"Walmar\",\"description\":\"\",\"publisher\":{\"@id\":\"https:\/\/walmartrans.pl\/#organization\"},\"potentialAction\":[{\"@type\":\"SearchAction\",\"target\":{\"@type\":\"EntryPoint\",\"urlTemplate\":\"https:\/\/walmartrans.pl\/?s={search_term_string}\"},\"query-input\":{\"@type\":\"PropertyValueSpecification\",\"valueRequired\":true,\"valueName\":\"search_term_string\"}}],\"inLanguage\":\"de\"},{\"@type\":\"Organization\",\"@id\":\"https:\/\/walmartrans.pl\/#organization\",\"name\":\"Walmar\",\"url\":\"https:\/\/walmartrans.pl\/\",\"logo\":{\"@type\":\"ImageObject\",\"inLanguage\":\"de\",\"@id\":\"https:\/\/walmartrans.pl\/#\/schema\/logo\/image\/\",\"url\":\"https:\/\/walmartrans.pl\/wp-content\/uploads\/2025\/05\/logo.svg\",\"contentUrl\":\"https:\/\/walmartrans.pl\/wp-content\/uploads\/2025\/05\/logo.svg\",\"caption\":\"Walmar\"},\"image\":{\"@id\":\"https:\/\/walmartrans.pl\/#\/schema\/logo\/image\/\"}}]}<\/script>","yoast_head_json":{"title":"Datenschutzrichtlinie - Walmar","robots":{"index":"index","follow":"follow","max-snippet":"max-snippet:-1","max-image-preview":"max-image-preview:large","max-video-preview":"max-video-preview:-1"},"canonical":"https:\/\/walmartrans.pl\/de\/datenschutzrichtlinie\/","og_locale":"de_DE","og_type":"article","og_title":"Datenschutzrichtlinie - Walmar","og_description":"1. Der Verantwortliche f\u00fcr personenbezogene Daten ist WALMAR Marek Wdowi\u0144ski, S\u0142awomir Wdowi\u0144ski Sp\u00f3\u0142ka Jawna mit Sitz in Przasnysz, ul. \u017bwirki i Wigury 2506-300 Przasnysz, Polen 2. Personenbezogene Daten werden vom Administrator personenbezogener Daten (ADO) zum Zwecke der Kontaktaufnahme, Pr\u00e4sentation und \u00dcbermittlung des Angebots auf elektronischem Wege oder telefonisch verarbeitet. 3. Podstaw\u0105 przetwarzania Pa\u0144stwa danych osobowych [&hellip;]","og_url":"https:\/\/walmartrans.pl\/de\/datenschutzrichtlinie\/","og_site_name":"Walmar","article_modified_time":"2025-05-30T09:35:21+00:00","og_image":[{"width":1200,"height":630,"url":"https:\/\/walmartrans.pl\/wp-content\/uploads\/2025\/05\/walmar_opengraph.png","type":"image\/png"}],"twitter_card":"summary_large_image","twitter_misc":{"Gesch\u00e4tzte Lesezeit":"1\u00a0Minute"},"schema":{"@context":"https:\/\/schema.org","@graph":[{"@type":"WebPage","@id":"https:\/\/walmartrans.pl\/de\/datenschutzrichtlinie\/","url":"https:\/\/walmartrans.pl\/de\/datenschutzrichtlinie\/","name":"Datenschutzrichtlinie - Walmar","isPartOf":{"@id":"https:\/\/walmartrans.pl\/#website"},"datePublished":"2025-05-19T09:24:43+00:00","dateModified":"2025-05-30T09:35:21+00:00","breadcrumb":{"@id":"https:\/\/walmartrans.pl\/de\/datenschutzrichtlinie\/#breadcrumb"},"inLanguage":"de","potentialAction":[{"@type":"ReadAction","target":["https:\/\/walmartrans.pl\/de\/datenschutzrichtlinie\/"]}]},{"@type":"BreadcrumbList","@id":"https:\/\/walmartrans.pl\/de\/datenschutzrichtlinie\/#breadcrumb","itemListElement":[{"@type":"ListItem","position":1,"name":"Home","item":"https:\/\/walmartrans.pl\/de\/"},{"@type":"ListItem","position":2,"name":"Datenschutzrichtlinie"}]},{"@type":"WebSite","@id":"https:\/\/walmartrans.pl\/#website","url":"https:\/\/walmartrans.pl\/","name":"Walmar","description":"","publisher":{"@id":"https:\/\/walmartrans.pl\/#organization"},"potentialAction":[{"@type":"SearchAction","target":{"@type":"EntryPoint","urlTemplate":"https:\/\/walmartrans.pl\/?s={search_term_string}"},"query-input":{"@type":"PropertyValueSpecification","valueRequired":true,"valueName":"search_term_string"}}],"inLanguage":"de"},{"@type":"Organization","@id":"https:\/\/walmartrans.pl\/#organization","name":"Walmar","url":"https:\/\/walmartrans.pl\/","logo":{"@type":"ImageObject","inLanguage":"de","@id":"https:\/\/walmartrans.pl\/#\/schema\/logo\/image\/","url":"https:\/\/walmartrans.pl\/wp-content\/uploads\/2025\/05\/logo.svg","contentUrl":"https:\/\/walmartrans.pl\/wp-content\/uploads\/2025\/05\/logo.svg","caption":"Walmar"},"image":{"@id":"https:\/\/walmartrans.pl\/#\/schema\/logo\/image\/"}}]}},"_links":{"self":[{"href":"https:\/\/walmartrans.pl\/de\/wp-json\/wp\/v2\/pages\/421","targetHints":{"allow":["GET"]}}],"collection":[{"href":"https:\/\/walmartrans.pl\/de\/wp-json\/wp\/v2\/pages"}],"about":[{"href":"https:\/\/walmartrans.pl\/de\/wp-json\/wp\/v2\/types\/page"}],"author":[{"embeddable":true,"href":"https:\/\/walmartrans.pl\/de\/wp-json\/wp\/v2\/users\/1"}],"replies":[{"embeddable":true,"href":"https:\/\/walmartrans.pl\/de\/wp-json\/wp\/v2\/comments?post=421"}],"version-history":[{"count":2,"href":"https:\/\/walmartrans.pl\/de\/wp-json\/wp\/v2\/pages\/421\/revisions"}],"predecessor-version":[{"id":558,"href":"https:\/\/walmartrans.pl\/de\/wp-json\/wp\/v2\/pages\/421\/revisions\/558"}],"wp:attachment":[{"href":"https:\/\/walmartrans.pl\/de\/wp-json\/wp\/v2\/media?parent=421"}],"curies":[{"name":"wp","href":"https:\/\/api.w.org\/{rel}","templated":true}]}}